{"id":2220,"date":"2017-12-23T09:53:31","date_gmt":"2017-12-23T09:53:31","guid":{"rendered":"http:\/\/heraku.com\/mucken\/?page_id=2220"},"modified":"2018-07-24T13:17:00","modified_gmt":"2018-07-24T11:17:00","slug":"impression","status":"publish","type":"page","link":"http:\/\/www.wordpress.grasmuecken.de\/?page_id=2220","title":{"rendered":"Impressum"},"content":{"rendered":"<p>[vc_row iron_row_type=&#8220;full_width&#8220; iron_remove_padding_medium=&#8220;&#8220; iron_remove_padding_small=&#8220;&#8220; iron_overlay_pattern=&#8220;&#8220; iron_parallax=&#8220;&#8220; iron_bg_video=&#8220;&#8220; bg_type=&#8220;bg_color&#8220; bg_override=&#8220;ex-full&#8220; dt_bg_repeat=&#8220;no-repeat&#8220; dt_text_scheme=&#8220;lighter-overlay&#8220; dt_color_opacity=&#8220;0&#8243; iron_bg_repeat=&#8220;no-repeat&#8220; iron_text_scheme=&#8220;lighter-overlay&#8220; iron_padding_top=&#8220;100&#8243; iron_padding_bottom=&#8220;100&#8243; iron_bg_attach=&#8220;scroll&#8220; iron_color_opacity=&#8220;0&#8243; iron_id=&#8220;biografie&#8220; iron_no_mb=&#8220;no-margin&#8220; css=&#8220;.vc_custom_1514021583726{padding-top: 70px !important;padding-bottom: 70px !important;}&#8220; bg_color_value=&#8220;#f2f2f2&#8243;][vc_column][vc_row_inner][vc_column_inner][vc_column_text]Angaben gem\u00e4\u00df \u00a7 5 TMG<\/p>\n<p><strong>Matthias Wirth<\/strong><br \/>\n<strong> Schackauer Weg 1<\/strong><br \/>\n<strong> 36145 Hofbieber<\/strong><\/p>\n<p><strong>Kontakt:<\/strong><br \/>\n<strong> Telefon: 06657\/ 8442<\/strong><br \/>\n<strong> E-Mail: mail@grasmuecken.de<\/strong><\/p>\n<p>Design, Layout und Logo<\/p>\n<p>Kris Duangphung<\/p>\n<p>Logo2012 wei\u00df<\/p>\n<p>&nbsp;<\/p>\n<p>Haftungsausschlus<\/p>\n<p>Haftung f\u00fcr Inhalte<\/p>\n<p>Die Inhalte unserer Seiten wurden mit gro\u00dfer Sorgfalt erstellt. F\u00fcr die Richtigkeit, Vollst\u00e4ndigkeit und Aktualit\u00e4t der Inhalte k\u00f6nnen wir jedoch keine Gew\u00e4hr \u00fcbernehmen. Als Diensteanbieter sind wir gem\u00e4\u00df \u00a7 7 Abs.1 TMG f\u00fcr eigene Inhalte auf diesen Seiten nach den allgemeinen Gesetzen verantwortlich.<br \/>\nNach \u00a7\u00a7 8 bis 10 TMG sind wir als Diensteanbieter jedoch nicht verpflichtet, \u00fcbermittelte oder gespeicherte fremde Informationen zu \u00fcberwachen oder nach Umst\u00e4nden zu forschen, die auf eine rechtswidrige T\u00e4tigkeit hinweisen. Verpflichtungen zur Entfernung oder Sperrung der Nutzung von Informationen nach den allgemeinen Gesetzen bleiben hiervon unber\u00fchrt. Eine diesbez\u00fcgliche Haftung ist jedoch erst ab dem Zeitpunkt der Kenntnis einer konkreten Rechtsverletzung m\u00f6glich. Bei Bekanntwerden von entsprechenden Rechtsverletzungen werden wir diese Inhalte umgehend entfernen.<\/p>\n<p><strong>Haftung f\u00fcr Links<\/strong><\/p>\n<p>Unser Angebot enth\u00e4lt Links zu externen Webseiten Dritter, auf deren Inhalte wir keinen Einfluss haben. Deshalb k\u00f6nnen wir f\u00fcr diese fremden Inhalte auch keine Gew\u00e4hr \u00fcbernehmen. F\u00fcr die Inhalte der verlinkten Seiten ist stets der jeweilige Anbieter oder Betreiber der Seiten verantwortlich. Die verlinkten Seiten wurden zum Zeitpunkt der Verlinkung auf m\u00f6gliche Rechtsverst\u00f6\u00dfe \u00fcberpr\u00fcft. Rechtswidrige Inhalte waren zum Zeitpunkt der Verlinkung nicht erkennbar. Eine regelm\u00e4\u00dfige inhaltliche Kontrolle der verlinkten Seiten ist jedoch ohne konkrete Anhaltspunkte einer Rechtsverletzung nicht zumutbar.<br \/>\nBei Bekanntwerden von Rechtsverletzungen werden wir derartige Links umgehend entfernen.<\/p>\n<p><strong>Urheberrecht<\/strong><\/p>\n<p>Die durch die Seitenbetreiber erstellten Inhalte und Werke auf diesen Seiten unterliegen dem deutschen Urheberrecht. Die Vervielf\u00e4ltigung, Bearbeitung, Verbreitung und jede Art der Verwertung au\u00dferhalb der Grenzen des Urheberrechtes bed\u00fcrfen der schriftlichen Zustimmung des jeweiligen Autors bzw. Erstellers. Downloads und Kopien dieser Seite sind nur f\u00fcr den privaten, nicht kommerziellen Gebrauch gestattet. Soweit die Inhalte auf dieser Seite nicht vom B&#8230;[\/vc_column_text][\/vc_column_inner][\/vc_row_inner][\/vc_column][\/vc_row]<\/p>\n","protected":false},"excerpt":{"rendered":"<p>[vc_row iron_row_type=&#8220;full_width&#8220; iron_remove_padding_medium=&#8220;&#8220; iron_remove_padding_small=&#8220;&#8220; iron_overlay_pattern=&#8220;&#8220; iron_parallax=&#8220;&#8220; iron_bg_video=&#8220;&#8220; bg_type=&#8220;bg_color&#8220; bg_override=&#8220;ex-full&#8220; dt_bg_repeat=&#8220;no-repeat&#8220; dt_text_scheme=&#8220;lighter-overlay&#8220; dt_color_opacity=&#8220;0&#8243; iron_bg_repeat=&#8220;no-repeat&#8220; iron_text_scheme=&#8220;lighter-overlay&#8220; iron_padding_top=&#8220;100&#8243; iron_padding_bottom=&#8220;100&#8243; iron_bg_attach=&#8220;scroll&#8220; iron_color_opacity=&#8220;0&#8243; iron_id=&#8220;biografie&#8220; iron_no_mb=&#8220;no-margin&#8220; [&hellip;]<\/p>\n","protected":false},"author":1,"featured_media":0,"parent":0,"menu_order":3,"comment_status":"closed","ping_status":"closed","template":"","meta":{"_monsterinsights_skip_tracking":false,"_monsterinsights_sitenote_active":false,"_monsterinsights_sitenote_note":"","_monsterinsights_sitenote_category":0},"_links":{"self":[{"href":"http:\/\/www.wordpress.grasmuecken.de\/index.php?rest_route=\/wp\/v2\/pages\/2220"}],"collection":[{"href":"http:\/\/www.wordpress.grasmuecken.de\/index.php?rest_route=\/wp\/v2\/pages"}],"about":[{"href":"http:\/\/www.wordpress.grasmuecken.de\/index.php?rest_route=\/wp\/v2\/types\/page"}],"author":[{"embeddable":true,"href":"http:\/\/www.wordpress.grasmuecken.de\/index.php?rest_route=\/wp\/v2\/users\/1"}],"replies":[{"embeddable":true,"href":"http:\/\/www.wordpress.grasmuecken.de\/index.php?rest_route=%2Fwp%2Fv2%2Fcomments&post=2220"}],"version-history":[{"count":6,"href":"http:\/\/www.wordpress.grasmuecken.de\/index.php?rest_route=\/wp\/v2\/pages\/2220\/revisions"}],"predecessor-version":[{"id":2394,"href":"http:\/\/www.wordpress.grasmuecken.de\/index.php?rest_route=\/wp\/v2\/pages\/2220\/revisions\/2394"}],"wp:attachment":[{"href":"http:\/\/www.wordpress.grasmuecken.de\/index.php?rest_route=%2Fwp%2Fv2%2Fmedia&parent=2220"}],"curies":[{"name":"wp","href":"https:\/\/api.w.org\/{rel}","templated":true}]}}